{"id":12,"date":"2023-04-25T18:16:09","date_gmt":"2023-04-25T16:16:09","guid":{"rendered":"https:\/\/petoedit.hu\/?page_id=12"},"modified":"2025-12-18T15:45:16","modified_gmt":"2025-12-18T14:45:16","slug":"bemutatkozo-kezdolap","status":"publish","type":"page","link":"https:\/\/petoedit.hu\/","title":{"rendered":"Bemutatkoz\u00e1s"},"content":{"rendered":"<h3 style=\"text-align: center;\"><em><strong>Kedves \u00c9rdekl\u0151d\u0151!<\/strong><\/em><\/h3>\n<p style=\"text-align: left;\"><img loading=\"lazy\" decoding=\"async\" class=\"alignnone size-medium wp-image-102 aligncenter\" src=\"http:\/\/petoedit.hu\/wp-content\/uploads\/2023\/11\/20231102_183740-225x300.jpg\" alt=\"\" width=\"225\" height=\"300\" srcset=\"https:\/\/petoedit.hu\/wp-content\/uploads\/2023\/11\/20231102_183740-225x300.jpg 225w, https:\/\/petoedit.hu\/wp-content\/uploads\/2023\/11\/20231102_183740-768x1024.jpg 768w, https:\/\/petoedit.hu\/wp-content\/uploads\/2023\/11\/20231102_183740-1152x1536.jpg 1152w, https:\/\/petoedit.hu\/wp-content\/uploads\/2023\/11\/20231102_183740-1536x2048.jpg 1536w, https:\/\/petoedit.hu\/wp-content\/uploads\/2023\/11\/20231102_183740-scaled.jpg 1920w\" sizes=\"auto, (max-width: 225px) 100vw, 225px\" \/><\/p>\n<p style=\"text-align: center;\"><strong><em><u>Pet\u0151 Edit eg\u00e9szs\u00e9gpszichol\u00f3gus vagyok.<\/u><\/em><\/strong><\/p>\n<hr \/>\n<hr \/>\n<p style=\"text-align: left;\"><strong>Tanulm\u00e1nyaim:<\/strong><\/p>\n<p style=\"text-align: left;\">A m\u00e1t\u00e9szalkai Esze Tam\u00e1s Gimn\u00e1zium \u00e9s Eg\u00e9szs\u00e9g\u00fcgyi Szakk\u00f6z\u00e9piskol\u00e1ban \u00e9retts\u00e9giztem \u00e9s szereztem \u00e1ltal\u00e1nos \u00e1pol\u00f3 \u00e9s asszisztens v\u00e9gzetts\u00e9get.<\/p>\n<p style=\"text-align: left;\"><br data-rich-text-line-break=\"true\" \/>A k\u00f6z\u00e9piskola ut\u00e1n jelentkeztem az akkori <strong>Debreceni Orvostudom\u00e1nyi Egyetem<\/strong> <strong>Eg\u00e9szs\u00e9g\u00fcgyi F\u0151iskolai Kar<\/strong>\u00e1ra, ahol 4 \u00e9ves k\u00e9pz\u00e9s keret\u00e9n bel\u00fcl megszereztem <strong>els\u0151<\/strong> <strong>eg\u00e9szs\u00e9g\u00fcgyi diplom\u00e1mat<\/strong>.<\/p>\n<p style=\"text-align: left;\"><br data-rich-text-line-break=\"true\" \/>M\u00e1sodik diplom\u00e1mat a <strong>Debreceni<\/strong><strong> Egyetem B\u00f6lcs\u00e9szettudom\u00e1nyi Kar\u00e1nak Pszichol\u00f3gia\u00a0<\/strong>szak\u00e1n szereztem meg.<\/p>\n<p style=\"text-align: left;\"><br data-rich-text-line-break=\"true\" \/>Harmadik diplom\u00e1mat a <strong>Debreceni Egyetem Orvos- \u00e9s Eg\u00e9szs\u00e9gtudom\u00e1nyi Centrum<\/strong> mesterk\u00e9pz\u00e9s\u00e9s\u00e9ben szereztem, imm\u00e1r eg\u00e9szs\u00e9g\u00fcgyi szakk\u00e9pes\u00edt\u00e9ssel rendelkez\u0151 pszichol\u00f3gusk\u00e9nt, azaz <strong>Eg\u00e9szs\u00e9gpszichol\u00f3gusk\u00e9nt<\/strong>.<!--more--><!--more--><\/p>\n<p style=\"text-align: center;\">F\u0151\u00e1ll\u00e1sban egy\u00e9ni pszichol\u00f3giai tan\u00e1csad\u00e1ssal foglalkozom.<\/p>\n<p style=\"text-align: left;\"><br data-rich-text-line-break=\"true\" \/>Szakter\u00fcletem els\u0151sorban a <strong><u>pszichoszomatika<\/u><\/strong>, valamint ezzel szoros \u00f6sszef\u00fcgg\u00e9sben a stressz szindr\u00f3m\u00e1k, a pszichi\u00e1triai probl\u00e9m\u00e1k pszich\u00e9s seg\u00edt\u00e9se, valamint a testi betegs\u00e9gek, t\u00fcnetek pszichol\u00f3giai aspektusainak felt\u00e1r\u00e1sa, illetve kezel\u00e9se.<\/p>\n<p>&nbsp;<\/p>\n<p><strong>Szakmai utam:<\/strong><\/p>\n<p>P\u00e1ly\u00e1m kezdet\u00e9n\u00a0 dolgoztam a Debreceni Egyetem munkat\u00e1rsak\u00e9nt, mint oktatasszervez\u0151. Mellette p\u00e1rhuzamosan oktat\u00f3k\u00e9nt is tev\u00e9kenykedtem feln\u0151ttoktat\u00e1sban,\u00a0 k\u00fcl\u00f6nf\u00e9le egeszs\u00e9g\u00fcgyi \u00e9s szoci\u00e1lis k\u00e9pes\u00edt\u00e9st ny\u00fajt\u00f3 tanfolyamokon.<\/p>\n<p>Innen a gy\u00f3gyszeriparba vezetett az utam. El\u0151sz\u00f6r egy kisebb, majd hosszabb ideig egy nagy vil\u00e1gvezet\u0151 gy\u00f3gyszergy\u00e1rt\u00f3 \u00e9s forgalmaz\u00f3 c\u00e9g (GSK) keretein bel\u00fcl volt szerencs\u00e9m nagyszer\u0171 tapasztalatokra szert tenni mind eg\u00e9szs\u00e9g\u00fcgyi, mind sales-marketing (pszichol\u00f3giai) szempontb\u00f3l.<\/p>\n<p>Ezt k\u00f6vet\u0151en, imm\u00e1r szakk\u00e9pes\u00edtett pszichol\u00f3gusk\u00e9nt egy alap\u00edtv\u00e0ny alkalmaz\u00e1s\u00e1ban sz\u00e9lesk\u00f6r\u0171 pszichol\u00f3giai tapasztalatokra tehettem szert\u00a0 v\u00e1ltozatos probl\u00e9m\u00e1kkal k\u00fczd\u0151 c\u00e9lcsoportjainkkal val\u00f3 munk\u00e1m sor\u00e1n. Dolgoztam pl.\u00a0 perif\u00e9ri\u00e1ra szorultakkal, devi\u00e1ns magatart\u00e1st mutat\u00f3 kliensekkel, kr\u00edzisben l\u00e9v\u0151kkel \u00e9s \u00e9let\u00fatjuk sor\u00e1n elakadt emberekkel. Ezeken k\u00edv\u00fcl sz\u00e9les k\u00f6r\u0171 tapasztalatokat szerezhettem csoportos (felz\u00e1rk\u00f3ztat\u00e1st seg\u00edt\u0151, kompetencia fejleszt\u0151, konfliktus \u00e9s stresszhelyzet kezel\u0151, stb) tr\u00e9ningek tart\u00e1s\u00e1ban, vezet\u00e9s\u00e9ben. T\u00f6bb pszichol\u00f3giai el\u0151ad\u00e1st is tartottam v\u00e1ltozatos t\u00e9mak\u00f6r\u00f6kben.<\/p>\n<p>\u00c9rdekl\u0151d\u00e9sem egyre ink\u00e1bb az egy\u00e9ni seg\u00edts\u00e9gny\u00fajt\u00e1s fel\u00e9 orient\u00e1l\u00f3dott. A k\u00e9tszem\u00e9lyes, \u00fan. face to face pszichol\u00f3giai seg\u00edt\u0151 helyzetekre, ahol a kliens \u00e9s \u00e9n (mint seg\u00edt\u0151) vagyunk egy egyenrang\u00fa helyzetben \u00e9s maxim\u00e1lis figyelemmel, emp\u00e1ti\u00e1val a m\u00e1sik (szenved\u0151) f\u00e9l seg\u00edts\u00e9g\u00e9re lehetek.<\/p>\n<p>Amikor ez vil\u00e1gosan megfogalmaz\u00f3dott bennem, akkor m\u00e1r tudtam, hogy r\u00e1tal\u00e1ltam a szakmai utamra.<\/p>\n<p>K\u00f6zel 12 \u00e9ve f\u0151\u00e1ll\u00e1sban egy\u00e9ni pszichol\u00f3giai tan\u00e1csad\u00e1ssal foglalkozom.<\/p>\n<p>Szeml\u00e9letemhez a jungi pszichol\u00f3giai ir\u00e1nyvonal \u00e1ll a legk\u00f6zelebb, annak m\u00e9lyl\u00e9lektani vonal\u00e1val, valamint rendk\u00edv\u00fcl sz\u00e9les k\u00f6rben alkalmazhat\u00f3nak gondolom a viselked\u00e9s- \u00e9s s\u00e9mater\u00e1pi\u00e1s eszk\u00f6z\u00f6ket, elemeket. Szakmai munk\u00e1m \u00e9s \u00f6nmagam fejl\u0151d\u00e9se szempontj\u00e1b\u00f3l is rendk\u00edv\u00fcl hasznosnak gondolom a Magyar Relax\u00e1ci\u00f3s \u00e9s Szimb\u00f3lumter\u00e1pi\u00e1s Egyes\u00fclet szervez\u00e9s\u00e9ben tartott k\u00e9pz\u00e9sen val\u00f3 r\u00e9szv\u00e9telemet is.<\/p>\n<p>Az ut\u00f3bbi \u00e9vekben is sz\u00e1mos v\u00e1ltozatos szakmai lehet\u0151s\u00e9get kaptam az egy\u00e9ni seg\u00edts\u00e9gny\u00fajt\u00e1son k\u00edv\u00fcl is. Dolgoztam h\u00e1ziorvosi praxisk\u00f6z\u00f6ss\u00e9gben. Feladatom volt az alapell\u00e1t\u00e1s keretein bel\u00fcl a n\u00e9peg\u00e9szs\u00e9g\u00fcgyi probl\u00e9m\u00e1k pszichol\u00f3giai aspektusainak kezel\u00e9se.<\/p>\n<p>Dolgoztam 4 \u00e9vig a szoci\u00e1lis szf\u00e9r\u00e1ban is megb\u00edzottk\u00e9nt. Neh\u00e9z helyzetben l\u00e9v\u0151kkel, gyermekj\u00f3l\u00e9ti ell\u00e1t\u00e1sba vett vagy gy\u00e1m\u00fcgyi elj\u00e1r\u00e1sba bevont csal\u00e1dokkal, b\u00fcntet\u0151elj\u00e1r\u00e1sban \u00e9rintett sz\u00fcl\u0151kkel, id\u0151skor\u00faakkal \u00e9s pszichi\u00e1triai gondozottakkal is foglalkoztam.<\/p>\n<p>&nbsp;<\/p>\n<p>V\u00e9lem\u00e9nyem szerint minden ember \u00e9let\u00e9ben van legal\u00e1bb egy olyan alkalom, amikor \u00fagy \u00e9rezheti, hogy elakadt, elfogyott az ereje, vagy tan\u00e1cstalan hogyan tov\u00e1bb. Legyen az egy betegs\u00e9g vagy zavar, egy kr\u00edzis, egy t\u00f6r\u00e9s, stb.\u00a0 Ugyanakkor sokszor a segits\u00e9gk\u00e9r\u00e9s sem egyszer\u0171: &#8222;Kihez forduljak?&#8221; &#8222;Mi fog ott t\u00f6rt\u00e9nni?&#8221; &#8222;Megb\u00edzhatok-e benne?&#8221; Szinte mindenki tele van hasonl\u00f3 k\u00e9rd\u00e9sekkel.<\/p>\n<p>\u00c9ppen ez\u00e9rt maxim\u00e1lisan igyekszem megteremteni a pozit\u00edv \u00e9s elfogad\u00f3 legk\u00f6rt, amiben felold\u00f3dhat a kliensem. Igyekszem \u0151t a saj\u00e1t vil\u00e1g\u00e1ban, saj\u00e1t megold\u00e1sainak fejleszt\u00e9s\u00e9vel seg\u00edteni probl\u00e9m\u00e1j\u00e1t illet\u0151en. Ha esetleg \u00e9n magam nem tudok seg\u00edteni igyekszem a sz\u00e1m\u00e1ra legkedvez\u0151bb ir\u00e1nyba \u00e9s szakter\u00fclet fel\u00e9 terelni. De mindenekel\u0151tt amennyiben j\u00f3magam a seg\u00edts\u00e9g\u00e9re lehetek a probl\u00e9m\u00e1j\u00e1ban min\u00e9l el\u0151bb a megold\u00e1shoz\/gy\u00f3gyul\u00e1shoz seg\u00edteni.<\/p>\n<p>K\u00f6sz\u00f6n\u00f6m a bizalm\u00e1t, amennyiben engem v\u00e1laszt seg\u00edt\u0151j\u00e9\u00fcl. \ud83d\ude0a<\/p>\n<p>&nbsp;<\/p>\n<p>&nbsp;<\/p>\n<p>&nbsp;<\/p>\n<p>&nbsp;<\/p>\n<p style=\"text-align: left;\">\n","protected":false},"excerpt":{"rendered":"<p>Kedves \u00c9rdekl\u0151d\u0151! Pet\u0151 Edit eg\u00e9szs\u00e9gpszichol\u00f3gus vagyok. Tanulm\u00e1nyaim: A m\u00e1t\u00e9szalkai Esze Tam\u00e1s Gimn\u00e1zium \u00e9s Eg\u00e9szs\u00e9g\u00fcgyi Szakk\u00f6z\u00e9piskol\u00e1ban \u00e9retts\u00e9giztem \u00e9s szereztem \u00e1ltal\u00e1nos \u00e1pol\u00f3 \u00e9s asszisztens v\u00e9gzetts\u00e9get. A k\u00f6z\u00e9piskola ut\u00e1n jelentkeztem az akkori Debreceni Orvostudom\u00e1nyi Egyetem Eg\u00e9szs\u00e9g\u00fcgyi F\u0151iskolai Kar\u00e1ra, &hellip; <\/p>\n","protected":false},"author":1,"featured_media":0,"parent":0,"menu_order":0,"comment_status":"closed","ping_status":"closed","template":"","meta":{"footnotes":""},"class_list":["post-12","page","type-page","status-publish","hentry","has-single-img"],"yoast_head":"<!-- This site is optimized with the Yoast SEO plugin v25.4 - https:\/\/yoast.com\/wordpress\/plugins\/seo\/ -->\n<title>Bemutatkoz\u00e1s -<\/title>\n<meta name=\"robots\" content=\"index, follow, max-snippet:-1, max-image-preview:large, max-video-preview:-1\" \/>\n<link rel=\"canonical\" href=\"https:\/\/petoedit.hu\/\" \/>\n<meta property=\"og:locale\" content=\"hu_HU\" \/>\n<meta property=\"og:type\" content=\"article\" \/>\n<meta property=\"og:title\" content=\"Bemutatkoz\u00e1s -\" \/>\n<meta property=\"og:description\" content=\"Kedves \u00c9rdekl\u0151d\u0151! Pet\u0151 Edit eg\u00e9szs\u00e9gpszichol\u00f3gus vagyok. Tanulm\u00e1nyaim: A m\u00e1t\u00e9szalkai Esze Tam\u00e1s Gimn\u00e1zium \u00e9s Eg\u00e9szs\u00e9g\u00fcgyi Szakk\u00f6z\u00e9piskol\u00e1ban \u00e9retts\u00e9giztem \u00e9s szereztem \u00e1ltal\u00e1nos \u00e1pol\u00f3 \u00e9s asszisztens v\u00e9gzetts\u00e9get. A k\u00f6z\u00e9piskola ut\u00e1n jelentkeztem az akkori Debreceni Orvostudom\u00e1nyi Egyetem Eg\u00e9szs\u00e9g\u00fcgyi F\u0151iskolai Kar\u00e1ra, &hellip;\" \/>\n<meta property=\"og:url\" content=\"https:\/\/petoedit.hu\/\" \/>\n<meta property=\"article:modified_time\" content=\"2025-12-18T14:45:16+00:00\" \/>\n<meta property=\"og:image\" content=\"https:\/\/petoedit.hu\/wp-content\/uploads\/2023\/11\/20231102_183740-scaled.jpg\" \/>\n\t<meta property=\"og:image:width\" content=\"1920\" \/>\n\t<meta property=\"og:image:height\" content=\"2560\" \/>\n\t<meta property=\"og:image:type\" content=\"image\/jpeg\" \/>\n<meta name=\"twitter:card\" content=\"summary_large_image\" \/>\n<meta name=\"twitter:label1\" content=\"Becs\u00fclt olvas\u00e1si id\u0151\" \/>\n\t<meta name=\"twitter:data1\" content=\"3 perc\" \/>\n<script type=\"application\/ld+json\" class=\"yoast-schema-graph\">{\"@context\":\"https:\/\/schema.org\",\"@graph\":[{\"@type\":\"WebPage\",\"@id\":\"https:\/\/petoedit.hu\/\",\"url\":\"https:\/\/petoedit.hu\/\",\"name\":\"Bemutatkoz\u00e1s -\",\"isPartOf\":{\"@id\":\"https:\/\/petoedit.hu\/#website\"},\"primaryImageOfPage\":{\"@id\":\"https:\/\/petoedit.hu\/#primaryimage\"},\"image\":{\"@id\":\"https:\/\/petoedit.hu\/#primaryimage\"},\"thumbnailUrl\":\"http:\/\/petoedit.hu\/wp-content\/uploads\/2023\/11\/20231102_183740-225x300.jpg\",\"datePublished\":\"2023-04-25T16:16:09+00:00\",\"dateModified\":\"2025-12-18T14:45:16+00:00\",\"breadcrumb\":{\"@id\":\"https:\/\/petoedit.hu\/#breadcrumb\"},\"inLanguage\":\"hu\",\"potentialAction\":[{\"@type\":\"ReadAction\",\"target\":[\"https:\/\/petoedit.hu\/\"]}]},{\"@type\":\"ImageObject\",\"inLanguage\":\"hu\",\"@id\":\"https:\/\/petoedit.hu\/#primaryimage\",\"url\":\"https:\/\/petoedit.hu\/wp-content\/uploads\/2023\/11\/20231102_183740-scaled.jpg\",\"contentUrl\":\"https:\/\/petoedit.hu\/wp-content\/uploads\/2023\/11\/20231102_183740-scaled.jpg\",\"width\":1920,\"height\":2560},{\"@type\":\"BreadcrumbList\",\"@id\":\"https:\/\/petoedit.hu\/#breadcrumb\",\"itemListElement\":[{\"@type\":\"ListItem\",\"position\":1,\"name\":\"Kezd\u0151lap\",\"item\":\"https:\/\/petoedit.hu\/\"},{\"@type\":\"ListItem\",\"position\":2,\"name\":\"Bemutatkoz\u00e1s\"}]},{\"@type\":\"WebSite\",\"@id\":\"https:\/\/petoedit.hu\/#website\",\"url\":\"https:\/\/petoedit.hu\/\",\"name\":\"www.petoedit.hu\",\"description\":\"PET\u0150 EDIT  EG\u00c9SZS\u00c9GPSZICHOL\u00d3GUS\",\"publisher\":{\"@id\":\"https:\/\/petoedit.hu\/#\/schema\/person\/4d231ba044d4caae18db57fcdaee51a9\"},\"potentialAction\":[{\"@type\":\"SearchAction\",\"target\":{\"@type\":\"EntryPoint\",\"urlTemplate\":\"https:\/\/petoedit.hu\/?s={search_term_string}\"},\"query-input\":{\"@type\":\"PropertyValueSpecification\",\"valueRequired\":true,\"valueName\":\"search_term_string\"}}],\"inLanguage\":\"hu\"},{\"@type\":[\"Person\",\"Organization\"],\"@id\":\"https:\/\/petoedit.hu\/#\/schema\/person\/4d231ba044d4caae18db57fcdaee51a9\",\"name\":\"Pet\u0151 Edit\",\"image\":{\"@type\":\"ImageObject\",\"inLanguage\":\"hu\",\"@id\":\"https:\/\/petoedit.hu\/#\/schema\/person\/image\/\",\"url\":\"https:\/\/petoedit.hu\/wp-content\/uploads\/2023\/04\/cropped-cropped-cropped-logo-3.png\",\"contentUrl\":\"https:\/\/petoedit.hu\/wp-content\/uploads\/2023\/04\/cropped-cropped-cropped-logo-3.png\",\"width\":512,\"height\":512,\"caption\":\"Pet\u0151 Edit\"},\"logo\":{\"@id\":\"https:\/\/petoedit.hu\/#\/schema\/person\/image\/\"},\"sameAs\":[\"http:\/\/www.petoedit.hu\"]}]}<\/script>\n<!-- \/ Yoast SEO plugin. -->","yoast_head_json":{"title":"Bemutatkoz\u00e1s -","robots":{"index":"index","follow":"follow","max-snippet":"max-snippet:-1","max-image-preview":"max-image-preview:large","max-video-preview":"max-video-preview:-1"},"canonical":"https:\/\/petoedit.hu\/","og_locale":"hu_HU","og_type":"article","og_title":"Bemutatkoz\u00e1s -","og_description":"Kedves \u00c9rdekl\u0151d\u0151! Pet\u0151 Edit eg\u00e9szs\u00e9gpszichol\u00f3gus vagyok. Tanulm\u00e1nyaim: A m\u00e1t\u00e9szalkai Esze Tam\u00e1s Gimn\u00e1zium \u00e9s Eg\u00e9szs\u00e9g\u00fcgyi Szakk\u00f6z\u00e9piskol\u00e1ban \u00e9retts\u00e9giztem \u00e9s szereztem \u00e1ltal\u00e1nos \u00e1pol\u00f3 \u00e9s asszisztens v\u00e9gzetts\u00e9get. A k\u00f6z\u00e9piskola ut\u00e1n jelentkeztem az akkori Debreceni Orvostudom\u00e1nyi Egyetem Eg\u00e9szs\u00e9g\u00fcgyi F\u0151iskolai Kar\u00e1ra, &hellip;","og_url":"https:\/\/petoedit.hu\/","article_modified_time":"2025-12-18T14:45:16+00:00","og_image":[{"width":1920,"height":2560,"url":"https:\/\/petoedit.hu\/wp-content\/uploads\/2023\/11\/20231102_183740-scaled.jpg","type":"image\/jpeg"}],"twitter_card":"summary_large_image","twitter_misc":{"Becs\u00fclt olvas\u00e1si id\u0151":"3 perc"},"schema":{"@context":"https:\/\/schema.org","@graph":[{"@type":"WebPage","@id":"https:\/\/petoedit.hu\/","url":"https:\/\/petoedit.hu\/","name":"Bemutatkoz\u00e1s -","isPartOf":{"@id":"https:\/\/petoedit.hu\/#website"},"primaryImageOfPage":{"@id":"https:\/\/petoedit.hu\/#primaryimage"},"image":{"@id":"https:\/\/petoedit.hu\/#primaryimage"},"thumbnailUrl":"http:\/\/petoedit.hu\/wp-content\/uploads\/2023\/11\/20231102_183740-225x300.jpg","datePublished":"2023-04-25T16:16:09+00:00","dateModified":"2025-12-18T14:45:16+00:00","breadcrumb":{"@id":"https:\/\/petoedit.hu\/#breadcrumb"},"inLanguage":"hu","potentialAction":[{"@type":"ReadAction","target":["https:\/\/petoedit.hu\/"]}]},{"@type":"ImageObject","inLanguage":"hu","@id":"https:\/\/petoedit.hu\/#primaryimage","url":"https:\/\/petoedit.hu\/wp-content\/uploads\/2023\/11\/20231102_183740-scaled.jpg","contentUrl":"https:\/\/petoedit.hu\/wp-content\/uploads\/2023\/11\/20231102_183740-scaled.jpg","width":1920,"height":2560},{"@type":"BreadcrumbList","@id":"https:\/\/petoedit.hu\/#breadcrumb","itemListElement":[{"@type":"ListItem","position":1,"name":"Kezd\u0151lap","item":"https:\/\/petoedit.hu\/"},{"@type":"ListItem","position":2,"name":"Bemutatkoz\u00e1s"}]},{"@type":"WebSite","@id":"https:\/\/petoedit.hu\/#website","url":"https:\/\/petoedit.hu\/","name":"www.petoedit.hu","description":"PET\u0150 EDIT  EG\u00c9SZS\u00c9GPSZICHOL\u00d3GUS","publisher":{"@id":"https:\/\/petoedit.hu\/#\/schema\/person\/4d231ba044d4caae18db57fcdaee51a9"},"potentialAction":[{"@type":"SearchAction","target":{"@type":"EntryPoint","urlTemplate":"https:\/\/petoedit.hu\/?s={search_term_string}"},"query-input":{"@type":"PropertyValueSpecification","valueRequired":true,"valueName":"search_term_string"}}],"inLanguage":"hu"},{"@type":["Person","Organization"],"@id":"https:\/\/petoedit.hu\/#\/schema\/person\/4d231ba044d4caae18db57fcdaee51a9","name":"Pet\u0151 Edit","image":{"@type":"ImageObject","inLanguage":"hu","@id":"https:\/\/petoedit.hu\/#\/schema\/person\/image\/","url":"https:\/\/petoedit.hu\/wp-content\/uploads\/2023\/04\/cropped-cropped-cropped-logo-3.png","contentUrl":"https:\/\/petoedit.hu\/wp-content\/uploads\/2023\/04\/cropped-cropped-cropped-logo-3.png","width":512,"height":512,"caption":"Pet\u0151 Edit"},"logo":{"@id":"https:\/\/petoedit.hu\/#\/schema\/person\/image\/"},"sameAs":["http:\/\/www.petoedit.hu"]}]}},"_links":{"self":[{"href":"https:\/\/petoedit.hu\/index.php?rest_route=\/wp\/v2\/pages\/12","targetHints":{"allow":["GET"]}}],"collection":[{"href":"https:\/\/petoedit.hu\/index.php?rest_route=\/wp\/v2\/pages"}],"about":[{"href":"https:\/\/petoedit.hu\/index.php?rest_route=\/wp\/v2\/types\/page"}],"author":[{"embeddable":true,"href":"https:\/\/petoedit.hu\/index.php?rest_route=\/wp\/v2\/users\/1"}],"replies":[{"embeddable":true,"href":"https:\/\/petoedit.hu\/index.php?rest_route=%2Fwp%2Fv2%2Fcomments&post=12"}],"version-history":[{"count":59,"href":"https:\/\/petoedit.hu\/index.php?rest_route=\/wp\/v2\/pages\/12\/revisions"}],"predecessor-version":[{"id":285,"href":"https:\/\/petoedit.hu\/index.php?rest_route=\/wp\/v2\/pages\/12\/revisions\/285"}],"wp:attachment":[{"href":"https:\/\/petoedit.hu\/index.php?rest_route=%2Fwp%2Fv2%2Fmedia&parent=12"}],"curies":[{"name":"wp","href":"https:\/\/api.w.org\/{rel}","templated":true}]}}